{"id":10,"date":"2025-05-25T16:53:54","date_gmt":"2025-05-25T16:53:54","guid":{"rendered":"https:\/\/universitepopulaireannecy.fr\/?page_id=10"},"modified":"2026-03-22T17:24:03","modified_gmt":"2026-03-22T17:24:03","slug":"acceuil","status":"publish","type":"page","link":"https:\/\/universitepopulaireannecy.fr\/?page_id=10","title":{"rendered":"Accueil"},"content":{"rendered":"\n<figure class=\"wp-block-image size-full\"><img loading=\"lazy\" decoding=\"async\" width=\"1024\" height=\"267\" src=\"https:\/\/universitepopulaireannecy.fr\/wp-content\/uploads\/2025\/12\/logo_noir-2-1024x267-3.png\" alt=\"\" class=\"wp-image-440\" srcset=\"https:\/\/universitepopulaireannecy.fr\/wp-content\/uploads\/2025\/12\/logo_noir-2-1024x267-3.png 1024w, https:\/\/universitepopulaireannecy.fr\/wp-content\/uploads\/2025\/12\/logo_noir-2-1024x267-3-300x78.png 300w, https:\/\/universitepopulaireannecy.fr\/wp-content\/uploads\/2025\/12\/logo_noir-2-1024x267-3-768x200.png 768w\" sizes=\"auto, (max-width: 1024px) 100vw, 1024px\" \/><\/figure>\n\n\n\n<p class=\"has-text-align-center\"><em>\u00ab\u00a0L\u2019\u00e9ducation est non pas une pr\u00e9paration \u00e0 la vie, l\u2019\u00e9ducation est la vie m\u00eame.\u201d<\/em><\/p>\n\n\n\n<div class=\"wp-block-columns alignwide is-layout-flex wp-container-core-columns-is-layout-d6637545 wp-block-columns-is-layout-flex\" style=\"margin-top:var(--wp--preset--spacing--50);margin-bottom:var(--wp--preset--spacing--50);padding-right:0;padding-left:0\">\n<div class=\"wp-block-column is-layout-flow wp-block-column-is-layout-flow\">\n<div class=\"wp-block-group has-background has-global-padding is-layout-constrained wp-container-core-group-is-layout-08111347 wp-block-group-is-layout-constrained\" style=\"border-radius:20px;background-color:#f5fafa;margin-top:var(--wp--preset--spacing--70);margin-bottom:var(--wp--preset--spacing--70);padding-top:var(--wp--preset--spacing--30);padding-right:var(--wp--preset--spacing--30);padding-bottom:var(--wp--preset--spacing--30);padding-left:var(--wp--preset--spacing--30);box-shadow:var(--wp--preset--shadow--natural)\">\n<h1 class=\"wp-block-heading has-text-align-center has-text-color has-link-color wp-elements-7d41b8d01bede18c8692adeeb1898620\" style=\"color:#3db7e7\"><strong>Prochaine conf\u00e9rence<\/strong> :<\/h1>\n\n\n\n<div class=\"wp-block-group has-base-background-color has-background has-global-padding is-layout-constrained wp-container-core-group-is-layout-80fb368b wp-block-group-is-layout-constrained\" style=\"border-style:none;border-width:0px;border-radius:10px;padding-top:var(--wp--preset--spacing--30);padding-right:var(--wp--preset--spacing--30);padding-bottom:var(--wp--preset--spacing--30);padding-left:var(--wp--preset--spacing--30);box-shadow:none\">\n<h2 class=\"wp-block-heading\"><strong>Red\u00e9couvrir le Roman Baroque<\/strong><\/h2>\n\n\n\n<p>Lorem ipsum dolor sit amet, consectetur adipiscing elit, sed do eiusmod tempor incididunt ut labore et dolore magna aliqua.<\/p>\n\n\n\n<h4 class=\"wp-block-heading\">Pr\u00e9sent\u00e9 par <strong>Guillaume Adouani<\/strong>, le<strong> 6 mars<\/strong> \u00e0 <strong>1930<\/strong> au <strong>lyc\u00e9e Berthollet<\/strong><\/h4>\n<\/div>\n\n\n\n<div class=\"wp-block-buttons button is-content-justification-center is-layout-flex wp-container-core-buttons-is-layout-a89b3969 wp-block-buttons-is-layout-flex\">\n<div class=\"wp-block-button\"><a class=\"wp-block-button__link has-background wp-element-button\" href=\"#progAct\" style=\"background:linear-gradient(135deg,rgb(95,187,241) 17%,rgb(81,224,122) 100%)\">T\u00e9l\u00e9charger le programme complet<\/a><\/div>\n<\/div>\n<\/div>\n<\/div>\n<\/div>\n\n\n\n<p class=\"is-style-default\"><\/p>\n\n\n\n<hr class=\"wp-block-separator has-alpha-channel-opacity\" style=\"margin-top:var(--wp--preset--spacing--50);margin-bottom:var(--wp--preset--spacing--50)\"\/>\n\n\n\n<hr class=\"wp-block-separator has-alpha-channel-opacity\" style=\"margin-top:var(--wp--preset--spacing--70);margin-bottom:var(--wp--preset--spacing--70)\"\/>\n\n\n\n<h1 class=\"wp-block-heading\"><strong>Lieux des <\/strong><strong>conf\u00e9rences<\/strong> :<\/h1>\n\n\n\n<div class=\"wp-block-columns is-layout-flex wp-container-core-columns-is-layout-a5ad764a wp-block-columns-is-layout-flex\" style=\"margin-top:var(--wp--preset--spacing--30);margin-bottom:var(--wp--preset--spacing--30);padding-top:var(--wp--preset--spacing--30);padding-right:0;padding-bottom:var(--wp--preset--spacing--30);padding-left:0\">\n<div class=\"wp-block-column is-layout-flow wp-container-core-column-is-layout-a590c3e2 wp-block-column-is-layout-flow\" style=\"border-style:none;border-width:0px;border-radius:10px;padding-top:var(--wp--preset--spacing--30);padding-right:var(--wp--preset--spacing--30);padding-bottom:var(--wp--preset--spacing--30);padding-left:var(--wp--preset--spacing--30);box-shadow:var(--wp--preset--shadow--natural);flex-basis:400px\">\n<div class=\"wp-block-group has-global-padding is-layout-constrained wp-container-core-group-is-layout-9e9be3cb wp-block-group-is-layout-constrained\" style=\"padding-top:var(--wp--preset--spacing--20);padding-right:var(--wp--preset--spacing--20);padding-bottom:var(--wp--preset--spacing--20);padding-left:var(--wp--preset--spacing--20)\">\n<h2 class=\"wp-block-heading has-text-color has-link-color wp-elements-b962f0608427f1da658092abe8e352c2\" style=\"color:#3db7e7\"><strong>Lyc\u00e9e Sommeiller<\/strong><\/h2>\n\n\n\n<iframe src=\"https:\/\/www.google.com\/maps\/embed?pb=!1m18!1m12!1m3!1d5552.417349438817!2d6.127488776841825!3d45.907137571084704!2m3!1f0!2f0!3f0!3m2!1i1024!2i768!4f13.1!3m3!1m2!1s0x478b8ff18666dd2f%3A0x1f0a03eae5e622ae!2sLyc%C3%A9e%20Germain%20Sommeiller!5e0!3m2!1sfr!2sfr!4v1752938786834!5m2!1sfr!2sfr\" width=\"370\" height=\"400\" style=\"border:0;\" allowfullscreen=\"\" loading=\"lazy\" referrerpolicy=\"no-referrer-when-downgrade\"><\/iframe>\n\n\n\n<h6 class=\"wp-block-heading has-text-align-center\">4 Boulevard Taine, 74000 Annecy<\/h6>\n<\/div>\n<\/div>\n\n\n\n<div class=\"wp-block-column is-layout-flow wp-container-core-column-is-layout-a590c3e2 wp-block-column-is-layout-flow\" style=\"border-radius:10px;padding-top:var(--wp--preset--spacing--30);padding-right:var(--wp--preset--spacing--30);padding-bottom:var(--wp--preset--spacing--30);padding-left:var(--wp--preset--spacing--30);box-shadow:var(--wp--preset--shadow--natural);flex-basis:400px\">\n<div class=\"wp-block-group has-global-padding is-layout-constrained wp-container-core-group-is-layout-c385debf wp-block-group-is-layout-constrained\" style=\"padding-top:var(--wp--preset--spacing--20);padding-right:var(--wp--preset--spacing--20);padding-bottom:var(--wp--preset--spacing--20);padding-left:var(--wp--preset--spacing--20)\">\n<h2 class=\"wp-block-heading has-text-color has-link-color wp-elements-9fb028d534c1c62ebb254eb5428c73ec\" style=\"color:#3db7e7\"><strong>Lyc\u00e9e Berthollet<\/strong><\/h2>\n\n\n\n<iframe src=\"https:\/\/www.google.com\/maps\/embed?pb=!1m18!1m12!1m3!1d3926.2008684071507!2d6.127457981572077!3d45.90644607552238!2m3!1f0!2f0!3f0!3m2!1i1024!2i768!4f13.1!3m3!1m2!1s0x478b8ff1642ad2b5%3A0xe65eed4248f6dfda!2sLyc%C3%A9e%20Berthollet!5e0!3m2!1sfr!2sfr!4v1752938878353!5m2!1sfr!2sfr\" width=\"370\" height=\"400\" style=\"border:0;\" allowfullscreen=\"\" loading=\"lazy\" referrerpolicy=\"no-referrer-when-downgrade\"><\/iframe>\n\n\n\n<h6 class=\"wp-block-heading has-text-align-center\">9 Boulevard du lyc\u00e9e, 74000 Annecy<\/h6>\n<\/div>\n<\/div>\n<\/div>\n\n\n\n<p><\/p>\n","protected":false},"excerpt":{"rendered":"<p>\u00ab\u00a0L\u2019\u00e9ducation est non pas une pr\u00e9paration \u00e0 la vie, l\u2019\u00e9ducation est la vie m\u00eame.\u201d Prochaine conf\u00e9rence : Red\u00e9couvrir le Roman Baroque Lorem ipsum dolor sit amet, consectetur adipiscing elit, sed do eiusmod tempor incididunt ut labore et dolore magna aliqua. Pr\u00e9sent\u00e9 par Guillaume Adouani, le 6 mars \u00e0 1930 au lyc\u00e9e Berthollet Lieux des conf\u00e9rences [&hellip;]<\/p>\n","protected":false},"author":1,"featured_media":0,"parent":0,"menu_order":0,"comment_status":"closed","ping_status":"closed","template":"page-no-title","meta":{"footnotes":""},"class_list":["post-10","page","type-page","status-publish","hentry"],"_links":{"self":[{"href":"https:\/\/universitepopulaireannecy.fr\/index.php?rest_route=\/wp\/v2\/pages\/10","targetHints":{"allow":["GET"]}}],"collection":[{"href":"https:\/\/universitepopulaireannecy.fr\/index.php?rest_route=\/wp\/v2\/pages"}],"about":[{"href":"https:\/\/universitepopulaireannecy.fr\/index.php?rest_route=\/wp\/v2\/types\/page"}],"author":[{"embeddable":true,"href":"https:\/\/universitepopulaireannecy.fr\/index.php?rest_route=\/wp\/v2\/users\/1"}],"replies":[{"embeddable":true,"href":"https:\/\/universitepopulaireannecy.fr\/index.php?rest_route=%2Fwp%2Fv2%2Fcomments&post=10"}],"version-history":[{"count":86,"href":"https:\/\/universitepopulaireannecy.fr\/index.php?rest_route=\/wp\/v2\/pages\/10\/revisions"}],"predecessor-version":[{"id":460,"href":"https:\/\/universitepopulaireannecy.fr\/index.php?rest_route=\/wp\/v2\/pages\/10\/revisions\/460"}],"wp:attachment":[{"href":"https:\/\/universitepopulaireannecy.fr\/index.php?rest_route=%2Fwp%2Fv2%2Fmedia&parent=10"}],"curies":[{"name":"wp","href":"https:\/\/api.w.org\/{rel}","templated":true}]}}