{"id":19,"date":"2025-05-25T16:55:22","date_gmt":"2025-05-25T16:55:22","guid":{"rendered":"https:\/\/universitepopulaireannecy.fr\/?page_id=19"},"modified":"2025-12-06T23:15:04","modified_gmt":"2025-12-06T23:15:04","slug":"actualites","status":"publish","type":"page","link":"https:\/\/universitepopulaireannecy.fr\/?page_id=19","title":{"rendered":"Actualit\u00e9s"},"content":{"rendered":"\n<h1 class=\"wp-block-heading has-text-align-center has-text-color has-link-color wp-elements-5a1670a14460209b75bbfc5218800933\" style=\"color:#3db7e7;margin-top:var(--wp--preset--spacing--80);margin-bottom:var(--wp--preset--spacing--80)\"><strong>Les Derni\u00e8res Conf\u00e9rences :<\/strong><\/h1>\n\n\n\n<div class=\"wp-block-columns is-layout-flex wp-container-core-columns-is-layout-28f84493 wp-block-columns-is-layout-flex\">\n<div class=\"wp-block-column is-layout-flow wp-block-column-is-layout-flow\" style=\"flex-basis:100%\">\n<div class=\"wp-block-group has-global-padding is-layout-constrained wp-block-group-is-layout-constrained\">\n<div class=\"wp-block-columns has-background has-small-font-size is-layout-flex wp-container-core-columns-is-layout-7c96dc10 wp-block-columns-is-layout-flex\" style=\"border-style:none;border-width:0px;border-radius:17px;background-color:#f5fafa;margin-top:var(--wp--preset--spacing--50);margin-bottom:var(--wp--preset--spacing--50);padding-top:var(--wp--preset--spacing--30);padding-right:var(--wp--preset--spacing--40);padding-bottom:var(--wp--preset--spacing--30);padding-left:var(--wp--preset--spacing--40);box-shadow:var(--wp--preset--shadow--natural)\">\n<div class=\"wp-block-column is-vertically-aligned-center is-layout-flow wp-block-column-is-layout-flow\" style=\"flex-basis:50%\">\n<figure class=\"wp-block-image aligncenter size-full has-custom-border\" style=\"margin-top:var(--wp--preset--spacing--20);margin-right:0;margin-bottom:var(--wp--preset--spacing--20);margin-left:0\"><img loading=\"lazy\" decoding=\"async\" width=\"2560\" height=\"1707\" src=\"https:\/\/universitepopulaireannecy.fr\/wp-content\/uploads\/2025\/07\/pexels-photo-2833037-scaled.jpeg\" alt=\"\" class=\"wp-image-85\" style=\"border-style:none;border-width:0px;border-radius:14px;box-shadow:var(--wp--preset--shadow--natural)\" srcset=\"https:\/\/universitepopulaireannecy.fr\/wp-content\/uploads\/2025\/07\/pexels-photo-2833037-scaled.jpeg 2560w, https:\/\/universitepopulaireannecy.fr\/wp-content\/uploads\/2025\/07\/pexels-photo-2833037-300x200.jpeg 300w, https:\/\/universitepopulaireannecy.fr\/wp-content\/uploads\/2025\/07\/pexels-photo-2833037-1024x683.jpeg 1024w, https:\/\/universitepopulaireannecy.fr\/wp-content\/uploads\/2025\/07\/pexels-photo-2833037-768x512.jpeg 768w, https:\/\/universitepopulaireannecy.fr\/wp-content\/uploads\/2025\/07\/pexels-photo-2833037-1536x1024.jpeg 1536w, https:\/\/universitepopulaireannecy.fr\/wp-content\/uploads\/2025\/07\/pexels-photo-2833037-2048x1365.jpeg 2048w\" sizes=\"auto, (max-width: 2560px) 100vw, 2560px\" \/><\/figure>\n<\/div>\n\n\n\n<div class=\"wp-block-column has-small-font-size is-layout-flow wp-block-column-is-layout-flow\" style=\"flex-basis:50%\">\n<div class=\"wp-block-group has-base-background-color has-background has-global-padding is-layout-constrained wp-container-core-group-is-layout-80fb368b wp-block-group-is-layout-constrained\" style=\"border-radius:17px;padding-top:var(--wp--preset--spacing--30);padding-right:var(--wp--preset--spacing--30);padding-bottom:var(--wp--preset--spacing--30);padding-left:var(--wp--preset--spacing--30);box-shadow:var(--wp--preset--shadow--natural)\">\n<h2 class=\"wp-block-heading has-text-color has-link-color wp-elements-73664c34a31018c1796f4fa80d3dd439\" style=\"color:#3db7e7\"><strong>Red\u00e9couvrir le Roman Baroque<\/strong><\/h2>\n\n\n\n<p class=\"has-medium-font-size\">Lorem ipsum dolor sit amet, consectetur adipiscing elit, sed do eiusmod tempor incididunt ut labore et dolore magna aliqua.<\/p>\n\n\n\n<p class=\"has-small-font-size\"><strong>Pr\u00e9sent\u00e9 par <strong>Guillaume Adouani<\/strong>, le<strong> 6 mars 2025<\/strong><\/strong><\/p>\n<\/div>\n\n\n\n<div class=\"wp-block-buttons is-content-justification-center is-layout-flex wp-container-core-buttons-is-layout-a89b3969 wp-block-buttons-is-layout-flex\">\n<div class=\"wp-block-button\"><a class=\"wp-block-button__link has-background wp-element-button\" style=\"background:linear-gradient(135deg,rgb(95,187,241) 24%,rgb(81,224,117) 100%);box-shadow:var(--wp--preset--shadow--natural)\">Pour aller plus loin<\/a><\/div>\n<\/div>\n<\/div>\n<\/div>\n<\/div>\n<\/div>\n<\/div>\n\n\n\n<div class=\"wp-block-group has-global-padding is-layout-constrained wp-container-core-group-is-layout-c06d165c wp-block-group-is-layout-constrained\" style=\"padding-top:0;padding-right:0;padding-bottom:0;padding-left:0;box-shadow:var(--wp--preset--shadow--natural)\"><\/div>\n\n\n\n<p><\/p>\n","protected":false},"excerpt":{"rendered":"<p>Les Derni\u00e8res Conf\u00e9rences : Red\u00e9couvrir le Roman Baroque Lorem ipsum dolor sit amet, consectetur adipiscing elit, sed do eiusmod tempor incididunt ut labore et dolore magna aliqua. Pr\u00e9sent\u00e9 par Guillaume Adouani, le 6 mars 2025<\/p>\n","protected":false},"author":1,"featured_media":0,"parent":0,"menu_order":0,"comment_status":"closed","ping_status":"closed","template":"page-no-title","meta":{"footnotes":""},"class_list":["post-19","page","type-page","status-publish","hentry"],"_links":{"self":[{"href":"https:\/\/universitepopulaireannecy.fr\/index.php?rest_route=\/wp\/v2\/pages\/19","targetHints":{"allow":["GET"]}}],"collection":[{"href":"https:\/\/universitepopulaireannecy.fr\/index.php?rest_route=\/wp\/v2\/pages"}],"about":[{"href":"https:\/\/universitepopulaireannecy.fr\/index.php?rest_route=\/wp\/v2\/types\/page"}],"author":[{"embeddable":true,"href":"https:\/\/universitepopulaireannecy.fr\/index.php?rest_route=\/wp\/v2\/users\/1"}],"replies":[{"embeddable":true,"href":"https:\/\/universitepopulaireannecy.fr\/index.php?rest_route=%2Fwp%2Fv2%2Fcomments&post=19"}],"version-history":[{"count":63,"href":"https:\/\/universitepopulaireannecy.fr\/index.php?rest_route=\/wp\/v2\/pages\/19\/revisions"}],"predecessor-version":[{"id":397,"href":"https:\/\/universitepopulaireannecy.fr\/index.php?rest_route=\/wp\/v2\/pages\/19\/revisions\/397"}],"wp:attachment":[{"href":"https:\/\/universitepopulaireannecy.fr\/index.php?rest_route=%2Fwp%2Fv2%2Fmedia&parent=19"}],"curies":[{"name":"wp","href":"https:\/\/api.w.org\/{rel}","templated":true}]}}