{"id":99,"date":"2025-07-14T13:17:28","date_gmt":"2025-07-14T13:17:28","guid":{"rendered":"https:\/\/universitepopulaireannecy.fr\/?page_id=99"},"modified":"2026-01-13T17:30:34","modified_gmt":"2026-01-13T17:30:34","slug":"nos-programme-2","status":"publish","type":"page","link":"https:\/\/universitepopulaireannecy.fr\/?page_id=99","title":{"rendered":"Nos Programmes"},"content":{"rendered":"\n<div class=\"wp-block-cover alignwide\" style=\"margin-top:var(--wp--preset--spacing--30);margin-bottom:var(--wp--preset--spacing--30);padding-top:var(--wp--preset--spacing--80);padding-right:var(--wp--preset--spacing--80);padding-bottom:var(--wp--preset--spacing--80);padding-left:var(--wp--preset--spacing--80);box-shadow:var(--wp--preset--shadow--natural);min-height:646px;aspect-ratio:unset;\"><img loading=\"lazy\" decoding=\"async\" width=\"1024\" height=\"683\" class=\"wp-block-cover__image-background wp-image-85 size-large\" alt=\"\" src=\"https:\/\/universitepopulaireannecy.fr\/wp-content\/uploads\/2025\/07\/pexels-photo-2833037-1024x683.jpeg\" data-object-fit=\"cover\" srcset=\"https:\/\/universitepopulaireannecy.fr\/wp-content\/uploads\/2025\/07\/pexels-photo-2833037-1024x683.jpeg 1024w, https:\/\/universitepopulaireannecy.fr\/wp-content\/uploads\/2025\/07\/pexels-photo-2833037-300x200.jpeg 300w, https:\/\/universitepopulaireannecy.fr\/wp-content\/uploads\/2025\/07\/pexels-photo-2833037-768x512.jpeg 768w, https:\/\/universitepopulaireannecy.fr\/wp-content\/uploads\/2025\/07\/pexels-photo-2833037-1536x1024.jpeg 1536w, https:\/\/universitepopulaireannecy.fr\/wp-content\/uploads\/2025\/07\/pexels-photo-2833037-2048x1365.jpeg 2048w\" sizes=\"auto, (max-width: 1024px) 100vw, 1024px\" \/><span aria-hidden=\"true\" class=\"wp-block-cover__background has-background-dim\" style=\"background-color:#5b6170\"><\/span><div class=\"wp-block-cover__inner-container has-global-padding is-layout-constrained wp-container-core-cover-is-layout-05e3f11f wp-block-cover-is-layout-constrained\">\n<div class=\"wp-block-group has-background has-global-padding is-layout-constrained wp-container-core-group-is-layout-eb03f5bb wp-block-group-is-layout-constrained\" style=\"border-style:none;border-width:0px;border-radius:24px;background-color:#00000033;margin-top:var(--wp--preset--spacing--20);margin-bottom:var(--wp--preset--spacing--20);padding-top:var(--wp--preset--spacing--20);padding-right:var(--wp--preset--spacing--50);padding-bottom:var(--wp--preset--spacing--20);padding-left:var(--wp--preset--spacing--50)\">\n<p class=\"has-text-align-center has-x-large-font-size\"><strong>Nos Programmes<\/strong><\/p>\n\n\n\n<p class=\"has-text-align-center has-medium-font-size\">D\u00e9couvrez nos cycles de conf\u00e9rences, nos ateliers et nos rencontres pour la saison \u00e0 venir.<\/p>\n<\/div>\n<\/div><\/div>\n\n\n\n<hr class=\"wp-block-separator has-alpha-channel-opacity\" style=\"margin-top:var(--wp--preset--spacing--70);margin-bottom:var(--wp--preset--spacing--70)\"\/>\n\n\n\n<div class=\"wp-block-group has-base-background-color has-background has-global-padding is-layout-constrained wp-container-core-group-is-layout-d5d53815 wp-block-group-is-layout-constrained\" style=\"border-radius:26px;margin-top:0;margin-bottom:0;padding-top:var(--wp--preset--spacing--30);padding-right:var(--wp--preset--spacing--30);padding-bottom:var(--wp--preset--spacing--30);padding-left:var(--wp--preset--spacing--30);box-shadow:none\">\n<h1 class=\"wp-block-heading has-text-align-center has-text-color has-link-color wp-elements-be7a30b36ba51a409bd078e8fbb39d2e\" style=\"color:#3db7e7;margin-top:var(--wp--preset--spacing--20);margin-bottom:var(--wp--preset--spacing--20)\"><strong>Le Trimestre Actuel :<\/strong><\/h1>\n\n\n\n<div class=\"wp-block-group alignfull is-content-justification-center is-nowrap is-layout-flex wp-container-core-group-is-layout-2d94d167 wp-block-group-is-layout-flex\" id=\"progAct\" style=\"padding-top:var(--wp--preset--spacing--30);padding-bottom:var(--wp--preset--spacing--30)\">\n<figure class=\"wp-block-image aligncenter size-full has-custom-border card\" style=\"margin-top:var(--wp--preset--spacing--50);margin-bottom:var(--wp--preset--spacing--50)\"><img loading=\"lazy\" decoding=\"async\" width=\"1240\" height=\"1754\" src=\"https:\/\/universitepopulaireannecy.fr\/wp-content\/uploads\/2026\/01\/2026_01_13_PROGRAMME_HIVER_2026_definitive_1.png\" alt=\"\" class=\"has-border-color wp-image-451\" style=\"border-color:#d9f8f8;border-width:1px;border-radius:20px;box-shadow:var(--wp--preset--shadow--deep);aspect-ratio:0.75;object-fit:cover\" title=\"\" srcset=\"https:\/\/universitepopulaireannecy.fr\/wp-content\/uploads\/2026\/01\/2026_01_13_PROGRAMME_HIVER_2026_definitive_1.png 1240w, https:\/\/universitepopulaireannecy.fr\/wp-content\/uploads\/2026\/01\/2026_01_13_PROGRAMME_HIVER_2026_definitive_1-212x300.png 212w, https:\/\/universitepopulaireannecy.fr\/wp-content\/uploads\/2026\/01\/2026_01_13_PROGRAMME_HIVER_2026_definitive_1-724x1024.png 724w, https:\/\/universitepopulaireannecy.fr\/wp-content\/uploads\/2026\/01\/2026_01_13_PROGRAMME_HIVER_2026_definitive_1-768x1086.png 768w, https:\/\/universitepopulaireannecy.fr\/wp-content\/uploads\/2026\/01\/2026_01_13_PROGRAMME_HIVER_2026_definitive_1-1086x1536.png 1086w\" sizes=\"auto, (max-width: 1240px) 100vw, 1240px\" \/><\/figure>\n<\/div>\n<\/div>\n\n\n\n<hr class=\"wp-block-separator has-alpha-channel-opacity\" style=\"margin-top:var(--wp--preset--spacing--50);margin-bottom:var(--wp--preset--spacing--50)\"\/>\n\n\n\n<div class=\"wp-block-group has-background has-global-padding is-layout-constrained wp-container-core-group-is-layout-a35945ca wp-block-group-is-layout-constrained\" style=\"border-radius:10px;background-color:#f5fafa;padding-top:var(--wp--preset--spacing--30);padding-right:var(--wp--preset--spacing--30);padding-bottom:var(--wp--preset--spacing--30);padding-left:var(--wp--preset--spacing--30);box-shadow:var(--wp--preset--shadow--natural)\">\n<h2 class=\"wp-block-heading has-text-align-center has-text-color has-link-color wp-elements-b9681dcd610963985a2d7c333e0b0dca\" style=\"color:#3db7e7\"><strong>Anciens Programmes<\/strong> :<\/h2>\n\n\n\n<p class=\"has-text-align-center has-large-font-size\">Retrouvez ici nos archives des programmes pr\u00e9c\u00e9dents <\/p>\n\n\n\n<p class=\"has-text-align-center has-large-font-size\">disponibles au t\u00e9l\u00e9chargement.<\/p>\n\n\n\n<div class=\"wp-block-columns is-layout-flex wp-container-core-columns-is-layout-28f84493 wp-block-columns-is-layout-flex\">\n<div class=\"wp-block-column is-layout-flow wp-block-column-is-layout-flow\">\n<div class=\"wp-block-group has-global-padding is-layout-constrained wp-block-group-is-layout-constrained\">\n<div class=\"wp-block-group has-border-color has-base-background-color has-background has-global-padding is-layout-constrained wp-block-group-is-layout-constrained\" style=\"border-color:#d9f8f8;border-width:1px;border-radius:7px;box-shadow:var(--wp--preset--shadow--natural)\">\n<h3 class=\"wp-block-heading has-text-align-center\" style=\"padding-top:var(--wp--preset--spacing--20);padding-bottom:var(--wp--preset--spacing--20)\"><strong>Printemps 2025<\/strong><\/h3>\n\n\n\n<p class=\"has-text-align-center has-medium-font-size\">Mars 2025 &#8211; juin 2025<\/p>\n\n\n\n<div class=\"wp-block-buttons buttton is-content-justification-center is-layout-flex wp-container-core-buttons-is-layout-e511ce0b wp-block-buttons-is-layout-flex\" style=\"margin-top:var(--wp--preset--spacing--30);margin-bottom:var(--wp--preset--spacing--30)\">\n<div class=\"wp-block-button has-custom-width wp-block-button__width-50 button\"><a class=\"wp-block-button__link has-background has-text-align-center wp-element-button\" style=\"border-radius:7px;background:linear-gradient(135deg,rgb(95,187,241) 18%,rgb(81,224,122) 100%)\"><strong>T\u00e9l\u00e9charger<\/strong><\/a><\/div>\n<\/div>\n<\/div>\n<\/div>\n<\/div>\n\n\n\n<div class=\"wp-block-column has-border-color has-base-background-color has-background is-layout-flow wp-block-column-is-layout-flow\" style=\"border-color:#d9f8f8;border-width:1px;border-radius:7px;box-shadow:var(--wp--preset--shadow--natural)\">\n<h3 class=\"wp-block-heading has-text-align-center\" style=\"padding-top:var(--wp--preset--spacing--20);padding-bottom:var(--wp--preset--spacing--20)\"><strong>Hivers 2025<\/strong><\/h3>\n\n\n\n<p class=\"has-text-align-center has-medium-font-size\">d\u00e9cembre 2024 &#8211; mars 2025<\/p>\n\n\n\n<div class=\"wp-block-buttons button is-content-justification-center is-layout-flex wp-container-core-buttons-is-layout-e511ce0b wp-block-buttons-is-layout-flex\" style=\"margin-top:var(--wp--preset--spacing--30);margin-bottom:var(--wp--preset--spacing--30)\">\n<div class=\"wp-block-button has-custom-width wp-block-button__width-50 .btn-hover:hover {  transform: translateY(-3px); box-shadow: 0 6px 15px rgba(0,0,0,0.15); transition: all 0.3s ease; }\"><a class=\"wp-block-button__link has-background has-text-align-center wp-element-button\" style=\"border-radius:7px;background:linear-gradient(135deg,rgb(64,169,230) 16%,rgb(81,224,97) 100%)\"><strong>T\u00e9l\u00e9charger<\/strong><\/a><\/div>\n<\/div>\n<\/div>\n<\/div>\n<\/div>\n\n\n\n<p><\/p>\n","protected":false},"excerpt":{"rendered":"<p>Le Trimestre Actuel : Anciens Programmes : Retrouvez ici nos archives des programmes pr\u00e9c\u00e9dents disponibles au t\u00e9l\u00e9chargement. Printemps 2025 Mars 2025 &#8211; juin 2025 Hivers 2025 d\u00e9cembre 2024 &#8211; mars 2025<\/p>\n","protected":false},"author":1,"featured_media":451,"parent":0,"menu_order":0,"comment_status":"closed","ping_status":"closed","template":"page-no-title","meta":{"footnotes":""},"class_list":["post-99","page","type-page","status-publish","has-post-thumbnail","hentry"],"_links":{"self":[{"href":"https:\/\/universitepopulaireannecy.fr\/index.php?rest_route=\/wp\/v2\/pages\/99","targetHints":{"allow":["GET"]}}],"collection":[{"href":"https:\/\/universitepopulaireannecy.fr\/index.php?rest_route=\/wp\/v2\/pages"}],"about":[{"href":"https:\/\/universitepopulaireannecy.fr\/index.php?rest_route=\/wp\/v2\/types\/page"}],"author":[{"embeddable":true,"href":"https:\/\/universitepopulaireannecy.fr\/index.php?rest_route=\/wp\/v2\/users\/1"}],"replies":[{"embeddable":true,"href":"https:\/\/universitepopulaireannecy.fr\/index.php?rest_route=%2Fwp%2Fv2%2Fcomments&post=99"}],"version-history":[{"count":78,"href":"https:\/\/universitepopulaireannecy.fr\/index.php?rest_route=\/wp\/v2\/pages\/99\/revisions"}],"predecessor-version":[{"id":454,"href":"https:\/\/universitepopulaireannecy.fr\/index.php?rest_route=\/wp\/v2\/pages\/99\/revisions\/454"}],"wp:featuredmedia":[{"embeddable":true,"href":"https:\/\/universitepopulaireannecy.fr\/index.php?rest_route=\/wp\/v2\/media\/451"}],"wp:attachment":[{"href":"https:\/\/universitepopulaireannecy.fr\/index.php?rest_route=%2Fwp%2Fv2%2Fmedia&parent=99"}],"curies":[{"name":"wp","href":"https:\/\/api.w.org\/{rel}","templated":true}]}}